{"id":36,"date":"2024-02-29T20:41:00","date_gmt":"2024-02-29T19:41:00","guid":{"rendered":"https:\/\/pw-snakes.de\/?page_id=36"},"modified":"2026-04-05T21:45:28","modified_gmt":"2026-04-05T19:45:28","slug":"willkommen-auf-pw-snake-de","status":"publish","type":"page","link":"https:\/\/pw-snakes.de\/","title":{"rendered":"Willkommen auf pw-snakes"},"content":{"rendered":"\n<p>zu unserem faszinierenden Tauchgang in die Welt der Reptilienhaltung! In diesem Blog werden wir uns mit zwei der beliebtesten Schlangenarten befassen: Kornnattern und K\u00f6nigspythons. Die faszinierenden Eigenschaften und die relativ unkomplizierte Pflege machen diese Reptilien zu begehrten Haustieren unter Schlangenliebhabern. Von der Z\u00fcchtung bis zur artgerechten Haltung decken wir alle Aspekte ab, die Sie kennen sollten, um diese wundersch\u00f6nen Gesch\u00f6pfe erfolgreich in Ihrem Zuhause zu pflegen. Tauchen wir ein in die Welt der Kornnattern und K\u00f6nigspythons!<\/p>\n\n\n\n<p>Usere Seite befindet sich noch im Aufbau, schaut immer mal wieder rein um den neuesten Content nicht zu verpassen!<\/p>\n","protected":false},"excerpt":{"rendered":"<p>zu unserem faszinierenden Tauchgang in die Welt der Reptilienhaltung! In diesem Blog werden wir uns mit zwei der beliebtesten Schlangenarten befassen: Kornnattern und K\u00f6nigspythons. Die faszinierenden Eigenschaften und die relativ unkomplizierte Pflege machen diese Reptilien zu begehrten Haustieren unter Schlangenliebhabern. Von der Z\u00fcchtung bis zur artgerechten Haltung decken wir alle Aspekte ab, die Sie kennen &hellip; <\/p>\n<p class=\"link-more\"><a href=\"https:\/\/pw-snakes.de\/\" class=\"more-link\"><span class=\"screen-reader-text\">\u201eWillkommen auf pw-snakes\u201c <\/span>weiterlesen<\/a><\/p>\n","protected":false},"author":1,"featured_media":0,"parent":0,"menu_order":0,"comment_status":"closed","ping_status":"closed","template":"","meta":{"footnotes":""},"class_list":["post-36","page","type-page","status-publish","hentry"],"_links":{"self":[{"href":"https:\/\/pw-snakes.de\/index.php?rest_route=\/wp\/v2\/pages\/36","targetHints":{"allow":["GET"]}}],"collection":[{"href":"https:\/\/pw-snakes.de\/index.php?rest_route=\/wp\/v2\/pages"}],"about":[{"href":"https:\/\/pw-snakes.de\/index.php?rest_route=\/wp\/v2\/types\/page"}],"author":[{"embeddable":true,"href":"https:\/\/pw-snakes.de\/index.php?rest_route=\/wp\/v2\/users\/1"}],"replies":[{"embeddable":true,"href":"https:\/\/pw-snakes.de\/index.php?rest_route=%2Fwp%2Fv2%2Fcomments&post=36"}],"version-history":[{"count":1,"href":"https:\/\/pw-snakes.de\/index.php?rest_route=\/wp\/v2\/pages\/36\/revisions"}],"predecessor-version":[{"id":588,"href":"https:\/\/pw-snakes.de\/index.php?rest_route=\/wp\/v2\/pages\/36\/revisions\/588"}],"wp:attachment":[{"href":"https:\/\/pw-snakes.de\/index.php?rest_route=%2Fwp%2Fv2%2Fmedia&parent=36"}],"curies":[{"name":"wp","href":"https:\/\/api.w.org\/{rel}","templated":true}]}}