{"id":82,"date":"2024-03-02T18:58:22","date_gmt":"2024-03-02T17:58:22","guid":{"rendered":"https:\/\/pw-snakes.de\/?page_id=82"},"modified":"2025-12-05T22:30:04","modified_gmt":"2025-12-05T21:30:04","slug":"impressum","status":"publish","type":"page","link":"https:\/\/pw-snakes.de\/?page_id=82","title":{"rendered":"Impressum"},"content":{"rendered":"\n<p id=\"23ec5675-c1c3-460e-a291-db20bca3e2cc\"><strong>Angaben gem. \u00a7 5 TMG<\/strong><\/p>\n\n\n\n<p id=\"23ec5675-c1c3-460e-a291-db20bca3e2cc\">Andreas Potthoff<\/p>\n\n\n\n<p id=\"23ec5675-c1c3-460e-a291-db20bca3e2cc\"><a class=\"\"><\/a>Bergflagge 17 <\/p>\n\n\n\n<p id=\"23ec5675-c1c3-460e-a291-db20bca3e2cc\">48249 D\u00fclmen<a class=\"\"><\/a><\/p>\n\n\n\n<p id=\"23ec5675-c1c3-460e-a291-db20bca3e2cc\"><a class=\"\"><\/a><\/p>\n\n\n\n<p><strong>Kontakt<\/strong><\/p>\n\n\n\n<p id=\"7cc48b4a-4598-4255-a69b-b4adafc5a594\">E-Mail: <a href=\"mailto:webmaster@pw-snakes.de\">webmaster@pw-snakes.de<\/a><\/p>\n\n\n\n<p id=\"d3dd128a-787f-44be-a01d-e3d9727103e2\">Formular: <a href=\"https:\/\/pw-snakes.de\/kontakt\/\">pw-snake.de<\/a> <a class=\"\"><\/a><\/p>\n\n\n\n<p id=\"23ec5675-c1c3-460e-a291-db20bca3e2cc\"><a class=\"\"><\/a><\/p>\n\n\n\n<p id=\"23ec5675-c1c3-460e-a291-db20bca3e2cc\"><a class=\"\"><\/a><a class=\"\"><\/a><strong>Angaben zu audiovisuellen Mediendiensten gem. \u00a7 5 Abs. 1 Nr. 8 TMG<\/strong><\/p>\n\n\n\n<p id=\"ec8e3054-856e-4864-a6ac-66e477b0b9f6\">Sitzland: Deutschland<\/p>\n\n\n\n<p id=\"ec8e3054-856e-4864-a6ac-66e477b0b9f6\">Regulierungs- und Aufsichtsbeh\u00f6rde: Landesanstalt f\u00fcr Medien Nordrhein-Westfalen (LfM NRW)<\/p>\n\n\n\n<p id=\"ec8e3054-856e-4864-a6ac-66e477b0b9f6\"><a class=\"\"><\/a><\/p>\n\n\n\n<p id=\"ec8e3054-856e-4864-a6ac-66e477b0b9f6\"><a class=\"\"><\/a><\/p>\n\n\n\n<p id=\"ec8e3054-856e-4864-a6ac-66e477b0b9f6\"><strong>EU-Streitbeilegung<\/strong><\/p>\n\n\n\n<p id=\"ec8e3054-856e-4864-a6ac-66e477b0b9f6\">Durch die Europ\u00e4ische Kommission wird eine Plattform zur Online-Streitbeilegung (OS) bereitgestellt: https:\/\/ec.europa.eu\/consumers\/odr\/<\/p>\n\n\n\n<p id=\"ec8e3054-856e-4864-a6ac-66e477b0b9f6\"><a class=\"\"><\/a><\/p>\n\n\n\n<p id=\"7513105b-8d51-48d2-b6bd-51a3d24f3ffa\"><a class=\"\"><\/a><\/p>\n\n\n\n<p id=\"3565cae3-4f6d-4f32-9873-7789d9fe7e10\"><strong>Haftungsausschluss<\/strong><\/p>\n\n\n\n<p id=\"511c3264-fe73-4836-bab8-cf613871cb65\">Wir sind f\u00fcr die Inhalte unserer Internetseiten nach den Ma\u00dfgaben der allgemeinen Gesetzen, insbesondere nach \u00a7 7 Abs. 1 des Telemediengesetzes, verantwortlich. Alle Inhalte werden mit der gebotenen Sorgfalt und nach bestem Wissen erstellt. Soweit wir auf unseren Internetseiten mittels Hyperlink auf Internetseiten Dritter verweisen, k\u00f6nnen wir keine Gew\u00e4hr f\u00fcr die fortw\u00e4hrende Aktualit\u00e4t, Richtigkeit und Vollst\u00e4ndigkeit der verlinkten Inhalte \u00fcbernehmen, da diese Inhalte au\u00dferhalb unseres Verantwortungsbereichs liegen und wir auf die zuk\u00fcnftige Gestaltung keinen Einfluss haben. Sollten aus Ihrer Sicht Inhalte gegen geltendes Recht versto\u00dfen oder unangemessen sein, teilen Sie uns dies bitte mit.<\/p>\n\n\n\n<p id=\"fd47b61f-36f8-473b-94da-9de85de55930\">Die rechtlichen Hinweise auf dieser Seite sowie alle Fragen und Streitigkeiten im Zusammenhang mit der Gestaltung dieser Internetseite unterliegen dem Recht der Bundesrepublik Deutschland.<\/p>\n\n\n\n<p id=\"fd47b61f-36f8-473b-94da-9de85de55930\"><a class=\"\"><\/a><\/p>\n\n\n\n<p id=\"0c378054-6fbe-4477-9e0f-d9db3a835cba\"><strong>Datenschutzhinweis<\/strong><\/p>\n\n\n\n<p id=\"6b876991-b660-45f9-8a5c-12fa42f4f7bc\">Unsere Datenschutzerkl\u00e4rung finden Sie unter: https:\/\/pw-snakes.de\/datenschutzerklaerung\/<\/p>\n\n\n\n<p id=\"6b876991-b660-45f9-8a5c-12fa42f4f7bc\"><a class=\"\"><\/a><\/p>\n\n\n\n<p id=\"ae9dd27f-bfa2-43c1-beac-3b9a6ba1b753\"><strong>Urheberrechtshinweis<\/strong><\/p>\n\n\n\n<p id=\"62dc924d-ea80-475a-8caf-3e9639c6be5e\">Die auf unserer Internetseite vorhandenen Texte, Bilder, Fotos, Videos oder Grafiken unterliegen in der Regel dem Schutz des Urheberrechts. Jede unberechtigte Verwendung (insbesondere die Vervielf\u00e4ltigung, Bearbeitung oder Verbreitung) dieser urheberrechtsgesch\u00fctzten Inhalte ist daher untersagt. Wenn Sie beabsichtigen, diese Inhalte oder Teile davon zu verwenden, kontaktieren Sie uns bitte im Voraus unter den oben stehenden Angaben. Soweit wir nicht selbst Inhaber der ben\u00f6tigten urheberrechtlichen Nutzungsrechte sein sollten, bem\u00fchen wir uns, einen Kontakt zum Berechtigten zu vermitteln.<\/p>\n","protected":false},"excerpt":{"rendered":"<p>Angaben gem. \u00a7 5 TMG Andreas Potthoff Bergflagge 17 48249 D\u00fclmen Kontakt E-Mail: webmaster@pw-snakes.de Formular: pw-snake.de Angaben zu audiovisuellen Mediendiensten gem. \u00a7 5 Abs. 1 Nr. 8 TMG Sitzland: Deutschland Regulierungs- und Aufsichtsbeh\u00f6rde: Landesanstalt f\u00fcr Medien Nordrhein-Westfalen (LfM NRW) EU-Streitbeilegung Durch die Europ\u00e4ische Kommission wird eine Plattform zur Online-Streitbeilegung (OS) bereitgestellt: https:\/\/ec.europa.eu\/consumers\/odr\/ Haftungsausschluss Wir sind &hellip; <\/p>\n<p class=\"link-more\"><a href=\"https:\/\/pw-snakes.de\/?page_id=82\" class=\"more-link\"><span class=\"screen-reader-text\">\u201eImpressum\u201c <\/span>weiterlesen<\/a><\/p>\n","protected":false},"author":1,"featured_media":0,"parent":0,"menu_order":0,"comment_status":"closed","ping_status":"closed","template":"","meta":{"footnotes":""},"class_list":["post-82","page","type-page","status-publish","hentry"],"_links":{"self":[{"href":"https:\/\/pw-snakes.de\/index.php?rest_route=\/wp\/v2\/pages\/82","targetHints":{"allow":["GET"]}}],"collection":[{"href":"https:\/\/pw-snakes.de\/index.php?rest_route=\/wp\/v2\/pages"}],"about":[{"href":"https:\/\/pw-snakes.de\/index.php?rest_route=\/wp\/v2\/types\/page"}],"author":[{"embeddable":true,"href":"https:\/\/pw-snakes.de\/index.php?rest_route=\/wp\/v2\/users\/1"}],"replies":[{"embeddable":true,"href":"https:\/\/pw-snakes.de\/index.php?rest_route=%2Fwp%2Fv2%2Fcomments&post=82"}],"version-history":[{"count":1,"href":"https:\/\/pw-snakes.de\/index.php?rest_route=\/wp\/v2\/pages\/82\/revisions"}],"predecessor-version":[{"id":593,"href":"https:\/\/pw-snakes.de\/index.php?rest_route=\/wp\/v2\/pages\/82\/revisions\/593"}],"wp:attachment":[{"href":"https:\/\/pw-snakes.de\/index.php?rest_route=%2Fwp%2Fv2%2Fmedia&parent=82"}],"curies":[{"name":"wp","href":"https:\/\/api.w.org\/{rel}","templated":true}]}}